{"id":2488,"date":"2025-07-04T09:13:18","date_gmt":"2025-07-04T06:13:18","guid":{"rendered":"https:\/\/www.taksimtmgdk.com.tr\/?page_id=2488"},"modified":"2025-07-04T10:50:17","modified_gmt":"2025-07-04T07:50:17","slug":"tehlikeli-maddelerin-tasinmasi","status":"publish","type":"page","link":"https:\/\/www.taksimtmgdk.com.tr\/?page_id=2488","title":{"rendered":"Tehlikeli Maddelerin Ta\u015f\u0131nmas\u0131"},"content":{"rendered":"","protected":false},"excerpt":{"rendered":"","protected":false},"author":1,"featured_media":0,"parent":0,"menu_order":0,"comment_status":"closed","ping_status":"closed","template":"","meta":{"footnotes":""},"class_list":["post-2488","page","type-page","status-publish","hentry"],"_links":{"self":[{"href":"https:\/\/www.taksimtmgdk.com.tr\/index.php?rest_route=\/wp\/v2\/pages\/2488","targetHints":{"allow":["GET"]}}],"collection":[{"href":"https:\/\/www.taksimtmgdk.com.tr\/index.php?rest_route=\/wp\/v2\/pages"}],"about":[{"href":"https:\/\/www.taksimtmgdk.com.tr\/index.php?rest_route=\/wp\/v2\/types\/page"}],"author":[{"embeddable":true,"href":"https:\/\/www.taksimtmgdk.com.tr\/index.php?rest_route=\/wp\/v2\/users\/1"}],"replies":[{"embeddable":true,"href":"https:\/\/www.taksimtmgdk.com.tr\/index.php?rest_route=%2Fwp%2Fv2%2Fcomments&post=2488"}],"version-history":[{"count":1,"href":"https:\/\/www.taksimtmgdk.com.tr\/index.php?rest_route=\/wp\/v2\/pages\/2488\/revisions"}],"predecessor-version":[{"id":2489,"href":"https:\/\/www.taksimtmgdk.com.tr\/index.php?rest_route=\/wp\/v2\/pages\/2488\/revisions\/2489"}],"wp:attachment":[{"href":"https:\/\/www.taksimtmgdk.com.tr\/index.php?rest_route=%2Fwp%2Fv2%2Fmedia&parent=2488"}],"curies":[{"name":"wp","href":"https:\/\/api.w.org\/{rel}","templated":true}]}}