{"id":2484,"date":"2025-07-04T00:55:23","date_gmt":"2025-07-03T21:55:23","guid":{"rendered":"https:\/\/www.taksimtmgdk.com.tr\/?page_id=2484"},"modified":"2025-07-04T09:09:39","modified_gmt":"2025-07-04T06:09:39","slug":"tehlikeli-madde-farkindalik-egitimleri","status":"publish","type":"page","link":"https:\/\/www.taksimtmgdk.com.tr\/?page_id=2484","title":{"rendered":"Tehlikeli Madde Fark\u0131ndal\u0131k E\u011fitimleri"},"content":{"rendered":"","protected":false},"excerpt":{"rendered":"","protected":false},"author":1,"featured_media":0,"parent":0,"menu_order":0,"comment_status":"closed","ping_status":"closed","template":"","meta":{"footnotes":""},"class_list":["post-2484","page","type-page","status-publish","hentry"],"_links":{"self":[{"href":"https:\/\/www.taksimtmgdk.com.tr\/index.php?rest_route=\/wp\/v2\/pages\/2484","targetHints":{"allow":["GET"]}}],"collection":[{"href":"https:\/\/www.taksimtmgdk.com.tr\/index.php?rest_route=\/wp\/v2\/pages"}],"about":[{"href":"https:\/\/www.taksimtmgdk.com.tr\/index.php?rest_route=\/wp\/v2\/types\/page"}],"author":[{"embeddable":true,"href":"https:\/\/www.taksimtmgdk.com.tr\/index.php?rest_route=\/wp\/v2\/users\/1"}],"replies":[{"embeddable":true,"href":"https:\/\/www.taksimtmgdk.com.tr\/index.php?rest_route=%2Fwp%2Fv2%2Fcomments&post=2484"}],"version-history":[{"count":1,"href":"https:\/\/www.taksimtmgdk.com.tr\/index.php?rest_route=\/wp\/v2\/pages\/2484\/revisions"}],"predecessor-version":[{"id":2485,"href":"https:\/\/www.taksimtmgdk.com.tr\/index.php?rest_route=\/wp\/v2\/pages\/2484\/revisions\/2485"}],"wp:attachment":[{"href":"https:\/\/www.taksimtmgdk.com.tr\/index.php?rest_route=%2Fwp%2Fv2%2Fmedia&parent=2484"}],"curies":[{"name":"wp","href":"https:\/\/api.w.org\/{rel}","templated":true}]}}